{"id":396,"date":"2021-03-22T22:21:23","date_gmt":"2021-03-22T20:21:23","guid":{"rendered":"http:\/\/wickedtricks.lt\/?page_id=396"},"modified":"2025-10-21T14:51:31","modified_gmt":"2025-10-21T11:51:31","slug":"prekiu-grazinimas","status":"publish","type":"page","link":"https:\/\/wickedtricks.lt\/en\/prekiu-grazinimas\/","title":{"rendered":"Returns"},"content":{"rendered":"<div data-elementor-type=\"wp-page\" data-elementor-id=\"396\" class=\"elementor elementor-396\" data-elementor-post-type=\"page\">\n\t\t\t\t\t\t<section class=\"elementor-section elementor-top-section elementor-element elementor-element-aa9910e elementor-section-boxed elementor-section-height-default elementor-section-height-default\" data-id=\"aa9910e\" data-element_type=\"section\">\n\t\t\t\t\t\t<div class=\"elementor-container elementor-column-gap-default\">\n\t\t\t\t\t<div class=\"elementor-column elementor-col-100 elementor-top-column elementor-element elementor-element-282077c\" data-id=\"282077c\" data-element_type=\"column\">\n\t\t\t<div class=\"elementor-widget-wrap elementor-element-populated\">\n\t\t\t\t\t\t<div class=\"elementor-element elementor-element-a65b2a4 elementor-widget elementor-widget-heading\" data-id=\"a65b2a4\" data-element_type=\"widget\" data-widget_type=\"heading.default\">\n\t\t\t\t<div class=\"elementor-widget-container\">\n\t\t\t\t\t<h2 class=\"elementor-heading-title elementor-size-default\">Returns<\/h2>\t\t\t\t<\/div>\n\t\t\t\t<\/div>\n\t\t\t\t\t<\/div>\n\t\t<\/div>\n\t\t\t\t\t<\/div>\n\t\t<\/section>\n\t\t\t\t<section class=\"elementor-section elementor-top-section elementor-element elementor-element-49bc8a1 elementor-section-boxed elementor-section-height-default elementor-section-height-default\" data-id=\"49bc8a1\" data-element_type=\"section\">\n\t\t\t\t\t\t<div class=\"elementor-container elementor-column-gap-default\">\n\t\t\t\t\t<div class=\"elementor-column elementor-col-100 elementor-top-column elementor-element elementor-element-3c7fdb1\" data-id=\"3c7fdb1\" data-element_type=\"column\">\n\t\t\t<div class=\"elementor-widget-wrap elementor-element-populated\">\n\t\t\t\t\t\t<div class=\"elementor-element elementor-element-d7afc67 elementor-widget elementor-widget-text-editor\" data-id=\"d7afc67\" data-element_type=\"widget\" data-widget_type=\"text-editor.default\">\n\t\t\t\t<div class=\"elementor-widget-container\">\n\t\t\t\t\t\t\t\t\t<p>Nor\u0117tume pabr\u0117\u017eti, jog \u0161ie gaminiai rank\u0173 darbo ir pagaminti i\u0161 nat\u016brali\u0173 med\u017eiag\u0173 tod\u0117l kiekviena i\u0161 pirkt\u0173 \u017evaki\u0173 yra unikali ir gali skirtis nuo nuotraukose pateikt\u0173 pavyzd\u017ei\u0173.<\/p><p>Pavyzd\u017eiui, betono dalyje esantys burbuliukai ar nelygumai yra nat\u016brali betono savyb\u0117 bei m\u016bs\u0173 siekiamyb\u0117, nes puikiai pagyvina dizain\u0105,<span style=\"color: var( --e-global-color-text ); font-family: var( --e-global-typography-text-font-family ), Raleway; font-weight: var( --e-global-typography-text-font-weight ); font-size: 1rem;\">\u00a0kaip ir \u017evak\u0117s pavir\u0161iaus nelygumai, kurie gali atsirasti d\u0117l naudojamo nat\u016bralaus va\u0161ko &#8211; soj\u0173\/kokos\u0173\/raps\u0173, bet puikiai &#8222;\u012fsipai\u0161o&#8221; \u012f m\u016bs\u0173 industrin\u012f dizain\u0105.\u00a0<\/span><\/p><p>Tur\u0117kite omenyje, jog nat\u016bralioms \u017ealiavoms aplinka turi \u017eenkliai didesn\u0119 \u012ftak\u0105, tod\u0117l tik\u0117tina, kad laikui b\u0117gant, \u017evak\u0117s pakeis savo i\u0161vaizd\u0105 &#8211; t.y. pabluks, pasioksiduos (dekoro detal\u0117s) ar betonas perims ilgainiui va\u0161ko riebum\u0105.\u00a0<\/p><p>Tai n\u0117ra laikytina \u017evak\u0117s broku, grei\u010diau &#8211; \u017evak\u0117s gyvavimo laikotarpiu.\u00a0<\/p><p>Jei vis tik manote, jog gavote \u017evak\u0119 su defektais &#8211; susisiekite, pasikalb\u0117sime, o oficialios preki\u0173 gr\u0105\u017einimo taisykl\u0117s pateiktos \u017eemiau.<\/p>\t\t\t\t\t\t\t\t<\/div>\n\t\t\t\t<\/div>\n\t\t\t\t\t<\/div>\n\t\t<\/div>\n\t\t\t\t\t<\/div>\n\t\t<\/section>\n\t\t\t\t<section class=\"elementor-section elementor-top-section elementor-element elementor-element-2158cb8 elementor-section-boxed elementor-section-height-default elementor-section-height-default\" data-id=\"2158cb8\" data-element_type=\"section\">\n\t\t\t\t\t\t<div class=\"elementor-container elementor-column-gap-default\">\n\t\t\t\t\t<div class=\"elementor-column elementor-col-100 elementor-top-column elementor-element elementor-element-8c3b324\" data-id=\"8c3b324\" data-element_type=\"column\">\n\t\t\t<div class=\"elementor-widget-wrap elementor-element-populated\">\n\t\t\t\t\t\t<div class=\"elementor-element elementor-element-11f7611 elementor-widget elementor-widget-heading\" data-id=\"11f7611\" data-element_type=\"widget\" data-widget_type=\"heading.default\">\n\t\t\t\t<div class=\"elementor-widget-container\">\n\t\t\t\t\t<h2 class=\"elementor-heading-title elementor-size-default\">Gr\u0105\u017einimo taisykl\u0117s<\/h2>\t\t\t\t<\/div>\n\t\t\t\t<\/div>\n\t\t\t\t\t<\/div>\n\t\t<\/div>\n\t\t\t\t\t<\/div>\n\t\t<\/section>\n\t\t\t\t<section class=\"elementor-section elementor-top-section elementor-element elementor-element-8d6dc39 elementor-section-boxed elementor-section-height-default elementor-section-height-default\" data-id=\"8d6dc39\" data-element_type=\"section\">\n\t\t\t\t\t\t<div class=\"elementor-container elementor-column-gap-default\">\n\t\t\t\t\t<div class=\"elementor-column elementor-col-100 elementor-top-column elementor-element elementor-element-b902a1c\" data-id=\"b902a1c\" data-element_type=\"column\">\n\t\t\t<div class=\"elementor-widget-wrap elementor-element-populated\">\n\t\t\t\t\t\t<div class=\"elementor-element elementor-element-60cb96a elementor-widget elementor-widget-text-editor\" data-id=\"60cb96a\" data-element_type=\"widget\" data-widget_type=\"text-editor.default\">\n\t\t\t\t<div class=\"elementor-widget-container\">\n\t\t\t\t\t\t\t\t\t<p>&#8211; Klientui parduot\u0173 preki\u0173 tr\u016bkumai \u0161alinami, nekokybi\u0161kos prek\u0117s kei\u010diamos ir gr\u0105\u017einamos remiantis daikt\u0173 gr\u0105\u017einimo ir keitimo taisykl\u0117mis, patvirtintomis LR \u016bkio ministro 2001 m. bir\u017eelio 29 d. \u012fsakymu Nr. 217 &#8222;D\u0117l daikt\u0173 gr\u0105\u017einimo ir keitimo taisykli\u0173 patvirtinimo&#8221;.<\/p>\n<p>&#8211; Nepatikusi\u0173 preki\u0173 gr\u0105\u017einimo atveju pristatymo mokest\u012f turi mok\u0117ti klientas. Gr\u0105\u017einam\u0173 nekokybi\u0161k\u0173 preki\u0173 siuntinio pristatymo i\u0161laidos padengiamos pardav\u0117jo.<\/p>\n<p>&#8211; Pardav\u0117jas prekes i\u0161 kliento priima, jeigu: prek\u0117 nenaudota, nepraradusi savo prekin\u0117s i\u0161vaizdos bei n\u0117ra sugadinta kliento, pateikiama originalioje tvarkingoje pakuotu\u0117je, gr\u0105\u017einama pilna prek\u0117s komplektacija, klientas pateikia prek\u0117s \u012fsigijimo dokument\u0105.&nbsp;<\/p>\n<p>&#8211; Prek\u0117 nekei\u010diama, neatlygintinai tr\u016bkumai ne\u0161alinami ir pinigai negr\u0105\u017einami, jei prek\u0117s tr\u016bkum\u0173 atsirado d\u0117l to, kad klientas pa\u017eeid\u0117 prek\u0117s naudojimo ar saugojimo taisykles<\/p>\n<p>&#8211; Nor\u0117damas gr\u0105\u017einti prek\u0119(-es) remiantis preki\u0173 gr\u0105\u017einimo taisykli\u0173 pirmu punktu, pirk\u0117jas gali tai padaryti per 14 kalendorini\u0173 dien\u0173 nuo perki\u0173 pristatymo pirk\u0117jui dienos informtuojant pardav\u0117j\u0105 kontakt\u0173 skiltyje nurodytomis susiekimo priemon\u0117mis kartu su gr\u0105\u017einamos prek\u0117s pavadinimu, u\u017esakymo numeriu ir gr\u0105\u017einimo prie\u017eastimi.<\/p>\t\t\t\t\t\t\t\t<\/div>\n\t\t\t\t<\/div>\n\t\t\t\t\t<\/div>\n\t\t<\/div>\n\t\t\t\t\t<\/div>\n\t\t<\/section>\n\t\t\t\t<\/div>","protected":false},"excerpt":{"rendered":"<p>Preki\u0173 gr\u0105\u017einimas Nor\u0117tume pabr\u0117\u017eti, jog \u0161ie gaminiai rank\u0173 darbo ir pagaminti i\u0161 nat\u016brali\u0173 med\u017eiag\u0173 tod\u0117l kiekviena i\u0161 pirkt\u0173 \u017evaki\u0173 yra unikali ir gali skirtis nuo nuotraukose pateikt\u0173 pavyzd\u017ei\u0173. Pavyzd\u017eiui, betono dalyje esantys burbuliukai ar nelygumai yra nat\u016brali betono savyb\u0117 bei m\u016bs\u0173 siekiamyb\u0117, nes puikiai pagyvina dizain\u0105,\u00a0kaip ir \u017evak\u0117s pavir\u0161iaus nelygumai, kurie gali atsirasti d\u0117l naudojamo [&hellip;]<\/p>","protected":false},"author":1,"featured_media":0,"parent":0,"menu_order":0,"comment_status":"closed","ping_status":"closed","template":"","meta":{"footnotes":""},"class_list":["post-396","page","type-page","status-publish","hentry"],"_links":{"self":[{"href":"https:\/\/wickedtricks.lt\/en\/wp-json\/wp\/v2\/pages\/396","targetHints":{"allow":["GET"]}}],"collection":[{"href":"https:\/\/wickedtricks.lt\/en\/wp-json\/wp\/v2\/pages"}],"about":[{"href":"https:\/\/wickedtricks.lt\/en\/wp-json\/wp\/v2\/types\/page"}],"author":[{"embeddable":true,"href":"https:\/\/wickedtricks.lt\/en\/wp-json\/wp\/v2\/users\/1"}],"replies":[{"embeddable":true,"href":"https:\/\/wickedtricks.lt\/en\/wp-json\/wp\/v2\/comments?post=396"}],"version-history":[{"count":16,"href":"https:\/\/wickedtricks.lt\/en\/wp-json\/wp\/v2\/pages\/396\/revisions"}],"predecessor-version":[{"id":3457,"href":"https:\/\/wickedtricks.lt\/en\/wp-json\/wp\/v2\/pages\/396\/revisions\/3457"}],"wp:attachment":[{"href":"https:\/\/wickedtricks.lt\/en\/wp-json\/wp\/v2\/media?parent=396"}],"curies":[{"name":"wp","href":"https:\/\/api.w.org\/{rel}","templated":true}]}}