{"id":394,"date":"2021-03-22T22:21:23","date_gmt":"2021-03-22T20:21:23","guid":{"rendered":"http:\/\/wickedtricks.lt\/?page_id=394"},"modified":"2025-10-21T14:52:22","modified_gmt":"2025-10-21T11:52:22","slug":"privatumo-politika","status":"publish","type":"page","link":"https:\/\/wickedtricks.lt\/en\/privatumo-politika\/","title":{"rendered":"Privacy policy"},"content":{"rendered":"<div data-elementor-type=\"wp-page\" data-elementor-id=\"394\" class=\"elementor elementor-394\" data-elementor-post-type=\"page\">\n\t\t\t\t\t\t<section class=\"elementor-section elementor-top-section elementor-element elementor-element-3bd1c3d elementor-section-boxed elementor-section-height-default elementor-section-height-default\" data-id=\"3bd1c3d\" data-element_type=\"section\">\n\t\t\t\t\t\t<div class=\"elementor-container elementor-column-gap-default\">\n\t\t\t\t\t<div class=\"elementor-column elementor-col-100 elementor-top-column elementor-element elementor-element-dda02b5\" data-id=\"dda02b5\" data-element_type=\"column\">\n\t\t\t<div class=\"elementor-widget-wrap elementor-element-populated\">\n\t\t\t\t\t\t<div class=\"elementor-element elementor-element-6802851 elementor-widget elementor-widget-heading\" data-id=\"6802851\" data-element_type=\"widget\" data-widget_type=\"heading.default\">\n\t\t\t\t<div class=\"elementor-widget-container\">\n\t\t\t\t\t<h2 class=\"elementor-heading-title elementor-size-default\">Privatumo Politika:<\/h2>\t\t\t\t<\/div>\n\t\t\t\t<\/div>\n\t\t\t\t\t<\/div>\n\t\t<\/div>\n\t\t\t\t\t<\/div>\n\t\t<\/section>\n\t\t\t\t<section class=\"elementor-section elementor-top-section elementor-element elementor-element-a0f3100 elementor-section-boxed elementor-section-height-default elementor-section-height-default\" data-id=\"a0f3100\" data-element_type=\"section\">\n\t\t\t\t\t\t<div class=\"elementor-container elementor-column-gap-default\">\n\t\t\t\t\t<div class=\"elementor-column elementor-col-100 elementor-top-column elementor-element elementor-element-987e641\" data-id=\"987e641\" data-element_type=\"column\">\n\t\t\t<div class=\"elementor-widget-wrap elementor-element-populated\">\n\t\t\t\t\t\t<div class=\"elementor-element elementor-element-0bfdae6 elementor-widget elementor-widget-heading\" data-id=\"0bfdae6\" data-element_type=\"widget\" data-widget_type=\"heading.default\">\n\t\t\t\t<div class=\"elementor-widget-container\">\n\t\t\t\t\t<h2 class=\"elementor-heading-title elementor-size-default\">1. Pagrindin\u0117s s\u0105vokos<\/h2>\t\t\t\t<\/div>\n\t\t\t\t<\/div>\n\t\t\t\t\t<\/div>\n\t\t<\/div>\n\t\t\t\t\t<\/div>\n\t\t<\/section>\n\t\t\t\t<section class=\"elementor-section elementor-top-section elementor-element elementor-element-2747bb9 elementor-section-boxed elementor-section-height-default elementor-section-height-default\" data-id=\"2747bb9\" data-element_type=\"section\">\n\t\t\t\t\t\t<div class=\"elementor-container elementor-column-gap-default\">\n\t\t\t\t\t<div class=\"elementor-column elementor-col-100 elementor-top-column elementor-element elementor-element-cd8faa2\" data-id=\"cd8faa2\" data-element_type=\"column\">\n\t\t\t<div class=\"elementor-widget-wrap elementor-element-populated\">\n\t\t\t\t\t\t<div class=\"elementor-element elementor-element-52f54f7 elementor-widget elementor-widget-text-editor\" data-id=\"52f54f7\" data-element_type=\"widget\" data-widget_type=\"text-editor.default\">\n\t\t\t\t<div class=\"elementor-widget-container\">\n\t\t\t\t\t\t\t\t\t<p>1.1. Pardav\u0117jas ar asmens duomen\u0173 valdytojas &#8211; elektronin\u0117s parduotuv\u0117s valdytojas, veikiantis pagal individuali\u0105 veikl\u0105, kurios pa\u017eym\u0117jimo kodas &#8211; 1093797<\/p><p>1.2. Klientas arba Duomen\u0173 subjektas &#8211; fizinis asmuo \u2013 elektronin\u0117s parduotuv\u0117s klientas, kurio asmens duomenis renka pardav\u0117jas.<\/p><p>1.3. Elektronin\u0117 parduotuv\u0117 \u2013 pardav\u0117jo elektronin\u0117 parduotuv\u0117 adresu http:\/\/wickedtricks.lt<\/p><p>1.4. Paslaugos \u2013 visos pardav\u0117jo teikiamos paslaugos.<\/p><p>1.5. Asmens duomenys &#8211; bet kuri informacija, susijusi su fiziniu asmeniu \u2013 Duomen\u0173 subjektu, kurio tapatyb\u0117 yra \u017einoma arba gali b\u016bti tiesiogiai ar netiesiogiai nustatyta pasinaudojant tokiais duomenimis kaip asmens kodas, vienas arba keli asmeniui b\u016bdingi fizinio, fiziologinio, psichologinio, ekonominio, kult\u016brinio ar socialinio pob\u016bd\u017eio po\u017eymiai.<\/p><p>1.6. Asmens duomen\u0173 tvarkymas &#8211; bet kuris su asmens duomenimis atliekamas veiksmas: rinkimas, u\u017era\u0161ymas, kaupimas, saugojimas, klasifikavimas, grupavimas, jungimas, keitimas (papildymas ar taisymas), teikimas, paskelbimas, naudojimas, login\u0117s ir (arba) aritmetin\u0117s operacijos, paie\u0161ka, skleidimas, naikinimas ar kitoks veiksmas arba veiksm\u0173 rinkinys.<\/p><p>1.7. Partneris \u2013 juridinis asmuo, teikiantis paslaugas elektroninei parduotuvei, susijusias su elektronin\u0117s parduotuv\u0117s vykdoma veikla, arba parduodantis jai prekes, arba vykdantis su elektronine parduotuve bendrus projektus, \u012fskaitant, bet neapsiribojant, rinkodaros akcijas, bendras pardavim\u0173 kampanijas, lojalumo programas, ir kt., \u017einiasklaidos priemon\u0117se, internetiniuose puslapiuose, elektronin\u0117je parduotuv\u0117je, ma\u017emenin\u0117s prekybos parduotuv\u0117se, prekybos tinkluose, ir kt.<\/p><p>1.8. Slapukas (angl. cookie) \u2013 nedidel\u0117 tekstin\u0117s informacijos dalel\u0117, kuri automati\u0161kai sukuriama nar\u0161ant tinklapyje ir yra saugoma lankytojo kompiuteryje ar kitame \u012frenginyje.<\/p><p>1.9. Tiesiogin\u0117 rinkodara \u2013 veikla, skirta pa\u0161tu, telefonu arba kitokiu tiesioginiu b\u016bdu si\u016blyti asmenims prekes ar paslaugas ir (arba) teirautis j\u0173 nuomon\u0117s d\u0117l si\u016blom\u0173 preki\u0173 ar paslaug\u0173.<\/p><p>1.10. Privatumo politika \u2013 rei\u0161kia \u0161\u012f dokument\u0105, nustatant\u012f Asmens duomen\u0173 tvarkymo principus bei taisykles, naudojantis elektronin\u0117s parduotuv\u0117s paslaugomis.<\/p>\t\t\t\t\t\t\t\t<\/div>\n\t\t\t\t<\/div>\n\t\t\t\t\t<\/div>\n\t\t<\/div>\n\t\t\t\t\t<\/div>\n\t\t<\/section>\n\t\t\t\t<section class=\"elementor-section elementor-top-section elementor-element elementor-element-de5c7c0 elementor-section-boxed elementor-section-height-default elementor-section-height-default\" data-id=\"de5c7c0\" data-element_type=\"section\">\n\t\t\t\t\t\t<div class=\"elementor-container elementor-column-gap-default\">\n\t\t\t\t\t<div class=\"elementor-column elementor-col-100 elementor-top-column elementor-element elementor-element-6f25163\" data-id=\"6f25163\" data-element_type=\"column\">\n\t\t\t<div class=\"elementor-widget-wrap elementor-element-populated\">\n\t\t\t\t\t\t<div class=\"elementor-element elementor-element-86b1de6 elementor-widget elementor-widget-heading\" data-id=\"86b1de6\" data-element_type=\"widget\" data-widget_type=\"heading.default\">\n\t\t\t\t<div class=\"elementor-widget-container\">\n\t\t\t\t\t<h2 class=\"elementor-heading-title elementor-size-default\">2. Bendrosios nuostatos<\/h2>\t\t\t\t<\/div>\n\t\t\t\t<\/div>\n\t\t\t\t\t<\/div>\n\t\t<\/div>\n\t\t\t\t\t<\/div>\n\t\t<\/section>\n\t\t\t\t<section class=\"elementor-section elementor-top-section elementor-element elementor-element-5f635ed elementor-section-boxed elementor-section-height-default elementor-section-height-default\" data-id=\"5f635ed\" data-element_type=\"section\">\n\t\t\t\t\t\t<div class=\"elementor-container elementor-column-gap-default\">\n\t\t\t\t\t<div class=\"elementor-column elementor-col-100 elementor-top-column elementor-element elementor-element-7e5877b\" data-id=\"7e5877b\" data-element_type=\"column\">\n\t\t\t<div class=\"elementor-widget-wrap elementor-element-populated\">\n\t\t\t\t\t\t<div class=\"elementor-element elementor-element-0a407c5 elementor-widget elementor-widget-text-editor\" data-id=\"0a407c5\" data-element_type=\"widget\" data-widget_type=\"text-editor.default\">\n\t\t\t\t<div class=\"elementor-widget-container\">\n\t\t\t\t\t\t\t\t\t<p>2.1. Klientas suteikia teis\u0119 pardav\u0117jui atlikti visus Asmens duomen\u0173 tvarkymo veiksmus \u0161ioje Privatumo politikoje numatyta apimtimi ir tikslais.\u00a0<\/p><p>2.2. Asmens duomenis tvarkomi vadovaujantis Lietuvos Respublikos Asmens duomen\u0173 teisin\u0117s apsaugos \u012fstatymu bei kitais Asmens duomen\u0173 tvarkym\u0105 bei apsaug\u0105 reglamentuojan\u010diais teis\u0117s aktais, \u0161ia Privatumo politika.<\/p><p>2.3. Elektronin\u0117je parduotuv\u0117je Asmens duomenys tvarkomi vadovaujantis \u0161iais \u017eemiau nurodytais principais:<\/p><p>2.3.1. Asmens duomenys renkami apibr\u0117\u017etais ir teis\u0117tais tikslais;<\/p><p>2.3..2. Asmens duomenys tvarkomi tiksliai, s\u0105\u017einingai ir teis\u0117tai;\u00a0<\/p><p>2.3..3. Asmens duomenys yra tinkami ir tik tokios apimties, kuri b\u016btina jiems rinkti ir toliau tvarkyti;<\/p><p>2.3..4. Asmens duomenys nuolat atnaujinami;<\/p><p>2.3..5. Asmens duomenys saugomi tokia forma, kad Duomen\u0173 subjekto tapatyb\u0119 b\u016bt\u0173 galima nustatyti ne ilgiau, negu to reikia tiems tikslams, d\u0117l kuri\u0173 \u0161ie duomenys buvo surinkti ir tvarkomi.<\/p><p>2.3..6. Visa informacija apie Asmens duomenis yra konfidenciali;<\/p><p>2.3..7. Kliento Asmens duomenys bei asmenin\u0117 informacija nebus naudojama neteis\u0117tais tikslais.<\/p><p>2.4. Laikoma, kad Klientas, pirkdamas Elektronin\u0117je parduotuv\u0117je perskait\u0117 galiojan\u010dios redakcijos Privatumo politik\u0105 ir su ja sutinka. Jei Klientas nesutinka su kuria nors Privatumo politikos dalimi ar Privatumo politika, tokiu atveju Klientas privalo nepateikti u\u017esakymo ir nepirkti prek\u0117s Elektronin\u0117je parduotuv\u0117je.\u00a0<\/p><p>2.5. Su Privatumo politika galima susipa\u017einti Elektronin\u0117je parduotuv\u0117je ir bet kada j\u0105 atsispausdinti. Privatumo politika gali b\u016bti kei\u010diama, pildoma ar atnaujinama pardav\u0117jo nuo\u017ei\u016bra. Nauja Privatumo politikos redakcija skelbiama Elektronin\u0117je parduotuv\u0117je.\u00a0<\/p><p>2.6. Klientas gali pateikti u\u017esakym\u0105 Elektronin\u0117je parduotuv\u0117je be registracijos<\/p><p>2.7. Naudodamasis Paslaugomis, taip pat pirkdamas Elektronin\u0117je parduotuv\u0117je Klientas visuomet privalo pateikti tikslius Asmens duomenis Elektroninei parduotuvei ir atsako u\u017e j\u0173 teisingum\u0105.<\/p>\t\t\t\t\t\t\t\t<\/div>\n\t\t\t\t<\/div>\n\t\t\t\t\t<\/div>\n\t\t<\/div>\n\t\t\t\t\t<\/div>\n\t\t<\/section>\n\t\t\t\t<section class=\"elementor-section elementor-top-section elementor-element elementor-element-56eaf1c elementor-section-boxed elementor-section-height-default elementor-section-height-default\" data-id=\"56eaf1c\" data-element_type=\"section\">\n\t\t\t\t\t\t<div class=\"elementor-container elementor-column-gap-default\">\n\t\t\t\t\t<div class=\"elementor-column elementor-col-100 elementor-top-column elementor-element elementor-element-f73ff32\" data-id=\"f73ff32\" data-element_type=\"column\">\n\t\t\t<div class=\"elementor-widget-wrap elementor-element-populated\">\n\t\t\t\t\t\t<div class=\"elementor-element elementor-element-a627360 elementor-widget elementor-widget-heading\" data-id=\"a627360\" data-element_type=\"widget\" data-widget_type=\"heading.default\">\n\t\t\t\t<div class=\"elementor-widget-container\">\n\t\t\t\t\t<h2 class=\"elementor-heading-title elementor-size-default\">3. Asmens duomen\u0173 rinkimas, naudojimas, koregavimas ir saugojimas<\/h2>\t\t\t\t<\/div>\n\t\t\t\t<\/div>\n\t\t\t\t\t<\/div>\n\t\t<\/div>\n\t\t\t\t\t<\/div>\n\t\t<\/section>\n\t\t\t\t<section class=\"elementor-section elementor-top-section elementor-element elementor-element-c941815 elementor-section-boxed elementor-section-height-default elementor-section-height-default\" data-id=\"c941815\" data-element_type=\"section\">\n\t\t\t\t\t\t<div class=\"elementor-container elementor-column-gap-default\">\n\t\t\t\t\t<div class=\"elementor-column elementor-col-100 elementor-top-column elementor-element elementor-element-007fcc6\" data-id=\"007fcc6\" data-element_type=\"column\">\n\t\t\t<div class=\"elementor-widget-wrap elementor-element-populated\">\n\t\t\t\t\t\t<div class=\"elementor-element elementor-element-0125ad4 elementor-widget elementor-widget-text-editor\" data-id=\"0125ad4\" data-element_type=\"widget\" data-widget_type=\"text-editor.default\">\n\t\t\t\t<div class=\"elementor-widget-container\">\n\t\t\t\t\t\t\t\t\t<p>3.1. Pardav\u0117jas gerbia kiekvieno Kliento teis\u0119 \u012f privatum\u0105. Kliento Asmens duomenys (t.y. vardas, pavard\u0117, elektroninio pa\u0161to adresas, telefono numeris, prek\u0117s\/paslaugos pristatymo adresas, prek\u0117s\/paslaugos apmok\u0117jimo duomenys (banko s\u0105skaitos Nr., apmok\u0117jimo b\u016bdas ir pan.), pirkimo istorija, renkami ir tvarkomi \u0161iais tikslais:<\/p><p>3.1.1. Elektronin\u0117s prekybos tikslu. Tvarkomi \u0161ie Asmens duomenys: vardas, pavard\u0117, elektroninio pa\u0161to adresas, telefono numeris, prek\u0117s\/paslaugos pristatymo adresas,\u00a0\u00a0\u00a0\u00a0\u00a0 IP adresas, prek\u0117s\/paslaugos apmok\u0117jimo duomenys. Asmens duomen\u0173, naudojam\u0173 elektronin\u0117s prekybos tikslu, saugojimo trukm\u0117 yra 5 (penki) metai nuo paskutinio prisijungimo prie Elektronin\u0117s parduotuv\u0117s dienos.<\/p><p>3.1.2. Tiesiogin\u0117s rinkodaros tikslu. Tvarkomi \u0161ie Asmens duomenys: vardas, pavard\u0117, telefono numeris, elektroninio pa\u0161to adresas, adresas. Asmens duomen\u0173, naudojam\u0173 Tiesiogin\u0117s rinkodaros tikslu, saugojimo trukm\u0117 yra 5 (penki) metai nuo paskutinio prisijungimo prie Elektronin\u0117s parduotuv\u0117s dienos.<\/p><p>3.2. Klientas gali suteikti sutikim\u0105 d\u0117l jo Asmens duomen\u0173 (vardo, pavard\u0117s telefono numerio, elektroninio pa\u0161to adreso, adreso, am\u017eius, lyties, gimimo datos, gyvenamosios vietov\u0117s) tvarkymo Tiesiogin\u0117s rinkodaros tikslu. Jeigu dav\u0119s sutikim\u0105 tvarkyti jo duomenis Tiesiogin\u0117s rinkodaros tikslu, taip pat gauti Tiesiogin\u0117s rinkodaros prane\u0161imus, Klientas v\u0117liau to nebepageidaus ir informuos apie tai Bendrov\u0119, Bendrov\u0117 nebetvarkys jo Asmens duomen\u0173 Tiesiogin\u0117s rinkodaros tikslu ir nesi\u0173s Klientui joki\u0173 elektronini\u0173 naujien\u0173, i\u0161skyrus su Kliento u\u017esakymu susijusi\u0105 informacij\u0105.<\/p><p>3.3. Klientas bet kada turi teis\u0119 at\u0161aukti 3.2 punkte esant\u012f savo sutikim\u0105 pardav\u0117jui tvarkyti Kliento Asmens duomenis Tiesiogin\u0117s rinkodaros tikslu, pateikdamas apie tai atitinkam\u0105 prane\u0161im\u0105 pardav\u0117jui elektroniniu pa\u0161tu info@wickedtricks.lt ir ai\u0161kiai nurodydamas, kad at\u0161aukia savo sutikim\u0105 naudoti jo Asmens duomenis Tiesiogin\u0117s rinkodaros tikslu bei nepageidauja gauti joki\u0173 Tiesiogin\u0117s rinkodaros prane\u0161im\u0173.<\/p><p>3.4. Klientas taip pat turi galimyb\u0119 atsisakyti \u012fgyvendinti savo teis\u0119 nesutikti, kad Kliento Asmens duomenys b\u016bt\u0173 tvarkomis Tiesiogin\u0117s rinkodaros tikslu paspaudus atitinkam\u0105 nuorod\u0105, esan\u010di\u0105 kiekviename siun\u010diamame elektroniniame lai\u0161ke.<\/p><p>3.5. Klientas, kaip Duomen\u0173 subjektas, turi \u0161ias \u017eemiau i\u0161vardytas teises, susijusias su Kliento Asmens duomen\u0173 tvarkymo proced\u016bromis:<\/p><p>3.5.1. gauti i\u0161 Bendrov\u0117s informacij\u0105 apie Kliento Asmens duomen\u0173 tvarkym\u0105, susipa\u017einti su savo Asmens duomenimis ir kaip jie yra tvarkomi;<\/p><p>3.5.2. gauti i\u0161 Bendrov\u0117s informacij\u0105, i\u0161 koki\u0173 \u0161altini\u0173 ir kokie Kliento asmens duomenys surinkti, kokiu tikslu jie tvarkomi, kokiems duomen\u0173 gav\u0117jams teikiami ir buvo teikti bent per paskutinius 1 (vienerius) metus;<\/p><p>3.5.3. reikalauti i\u0161taisyti, sunaikinti Kliento Asmens duomenis arba sustabdyti, i\u0161skyrus saugojim\u0105, savo Asmens duomen\u0173 tvarkymo veiksmus, kai Asmens duomenys tvarkomi nesilaikant Lietuvos Respublikos Asmens duomen\u0173 teisin\u0117s apsaugos \u012fstatymo ir kit\u0173 \u012fstatym\u0173 nuostat\u0173.<\/p><p>3.6. Realizuodamas savo teises, Klientas turi pateikti pas\u0105, asmens tapatyb\u0117s kortel\u0119 arba vairuotojo pa\u017eym\u0117jim\u0105. Pardav\u0117jas neatlygintinai teikia Duomen\u0173 subjektui informacij\u0105 apie tvarkomus Duomen\u0173 subjekto Asmens duomenis kart\u0105 per metus. Klientas, realizuoti savo teises, numatytas 3.5 punkte, gali kreipiantis elektroniniu pa\u0161tu info@wickedtrics.lt. Pardav\u0117jas turi teis\u0119 koreguoti, keisti, naikinti Asmens duomenis arba stabdyti Asmens duomen\u0173 tvarkym\u0105 tik identifikavus Kliento, kuris kreip\u0117si, tapatyb\u0119.\u00a0<\/p><p>3.7. Kliento Asmens duomenys yra neteikiami tretiesiems asmenims, i\u0161skyrus \u0161iuos atvejus:<\/p><p>3.7.1. Kuomet yra gautas Kliento sutikimas, kaip nurodyta \u0161ioje Privatumo politikoje;<\/p><p>3.7.2. Asmens duomenys elektronin\u0117s prekybos tikslais teikiami Partneriams, teikiantiems elektroninei parduotuvei paslaugas, susijusias su elektronin\u0117s parduotuv\u0117s vykdoma veikla;<\/p><p>3.7.3. Lietuvos Respublikos \u012fstatym\u0173 ir teis\u0117s akt\u0173 numatytais atvejais kompetentingoms institucijoms.<\/p><p>3.7.2. Elektronin\u0117je parduotuv\u0117je apmok\u0117jimai apdorojami naudojantis OPAY platforma, kurios valdytojas UAB OPAY solutions (M. K. Paco g. 4, Vilnius, LT &#8211; 10309, Lietuva, reg. nr.: 302664558), tod\u0117l J\u016bs\u0173 asmenin\u0117 informacija, reikalinga mok\u0117jimo \u012fvykdymui ir patvirtinimui, bus perduodama UAB OPAY solutions.<\/p><p>3.8. Klientui yra \u017einoma apie jo teis\u0119 nesutikti, kad b\u016bt\u0173 tvarkomi jo Asmens duomenys Tiesiogin\u0117s rinkodaros tikslu, t.y. Klientas turi teis\u0119 i\u0161reik\u0161ti nesutikim\u0105 i\u0161 karto, arba v\u0117liau.<\/p><p>3.9. Klientas sutinka, kad jo Asmens duomenys b\u016bt\u0173 perduodami Partneriams vykdant Kliento u\u017esakym\u0105, pateikt\u0105 Elektronin\u0117je parduotuv\u0117je, taip pat pardav\u0117jui teikiant Paslaugas Klientui, taip pat Elektronin\u0117s parduotuv\u0117s Partneriams, kaip nurodyta 3.7. punkte.<\/p><p>3.10. Jei Klientas nesutinka su Privatumo politika, Klientas netur\u0117s galimyb\u0117s naudotis Elektronin\u0117s parduotuv\u0117s paslaugomis.<\/p><p>3.11. Pardav\u0117jas, \u012fgyvendina organizacines ir technines priemones, skirtas apsaugoti Asmens duomenis nuo atsitiktinio ar neteis\u0117to sunaikinimo, pakeitimo, atskleidimo, taip pat nuo bet kokio kito neteis\u0117to tvarkymo.<\/p><p>3.12. Klientas sutinka, kad tais atvejais, kai tai b\u016btina pagal kompetenting\u0173 institucij\u0173 nurodymus ir\/ar Kliento Asmens duomenys buvo galimai panaudoti vykdant neteis\u0117t\u0105 veikl\u0105, arba yra pagr\u012fst\u0173 \u012ftarim\u0173 d\u0117l asmens tapatyb\u0117s vagyst\u0117s, d\u0117l kuri\u0173 kompetentingos teis\u0117saugos institucijos atlieka ikiteismin\u012f tyrim\u0105, arba yra kiti teis\u0117ti pagrindai ar tikslai, jo Asmens duomenys b\u016bt\u0173 saugomi Bendrov\u0117s serveriuose ilgiau, nei nustatyta \u0161ioje Privatumo politikoje.\u00a0<\/p><p>3.13. Gavusi Duomen\u0173 subjekto nurodym\u0105 ar paklausim\u0105, susijus\u012f su Asmens duomen\u0173 tvarkymu, Bendrov\u0117 pateikia Klientui atsakym\u0105, patenkinant pra\u0161ym\u0105\/nurodym\u0105 arba motyvuotai atsisakant tai padaryti, ne v\u0117liau kaip per 30 (trisde\u0161imt) kalendorini\u0173 dien\u0173 nuo Duomen\u0173 subjekto kreipimosi datos. Jeigu Duomen\u0173 subjektas pageidauja, atsakymas turi b\u016bti pateiktas ra\u0161tu.\u00a0, kuri naudojama Kliento, kaip ankstesnio Elektronin\u0117s parduotuv\u0117s naudotojo, atpa\u017einimui, renkant Elektronin\u0117s parduotuv\u0117s lankomumo statistik\u0105, informacij\u0105 apie pirkini\u0173 krep\u0161el\u012f. Klientas bet kada gali per\u017ei\u016br\u0117ti, kokie Slapukai yra \u012fra\u0161omi, ir gali i\u0161trinti dal\u012f ar visus \u012fra\u0161ytus Slapukus.4.1. Bendrov\u0117 turi teis\u0119 keisti, papildyti \u201ePrivatumo politik\u0105\u201c visi\u0161kai ar i\u0161 dalies. Privatumo politikos papildymai ar pakeitimai \u012fsigalioja nuo j\u0173 paskelbimo dienos.\u00a0<\/p><p>3.14. Tam, kad elektronin\u0117je parduotuv\u0117je pardav\u0117jas gal\u0117t\u0173 klientui pasi\u016blyti visavertes paslaugas, Kliento sutikimu, Kliento kompiuteryje (\u012frenginyje)\u00a0<span style=\"color: var( --e-global-color-text ); font-family: var( --e-global-typography-text-font-family ), Raleway; font-weight: var( --e-global-typography-text-font-weight ); font-size: 1rem;\">\u012fra\u0161oma informacija Slapukai (angl.\u00a0<\/span><em style=\"color: var( --e-global-color-text ); font-family: var( --e-global-typography-text-font-family ), Raleway; font-weight: var( --e-global-typography-text-font-weight ); font-size: 1rem;\">cookies<\/em><span style=\"color: var( --e-global-color-text ); font-family: var( --e-global-typography-text-font-family ), Raleway; font-weight: var( --e-global-typography-text-font-weight ); font-size: 1rem;\">), kuri naudojama Kliento, kaip ankstesnio Elektronin\u0117s parduotuv\u0117s naudotojo, atpa\u017einimui, renkant Elektronin\u0117s parduotuv\u0117s lankomumo statistik\u0105, informacij\u0105 apie pirkini\u0173 krep\u0161el\u012f. Klientas bet kada gali per\u017ei\u016br\u0117ti, kokie Slapukai yra \u012fra\u0161omi, ir gali i\u0161trinti dal\u012f ar visus \u012fra\u0161ytus Slapukus.<\/span><\/p><p>3.15. Nor\u0117dami daugiau su\u017einoti apie slapukus, pavyzd\u017eiui, kaip juos valdyti ar i\u0161trinti, galite apsilankyti www.allaboutcookies.org<\/p>\t\t\t\t\t\t\t\t<\/div>\n\t\t\t\t<\/div>\n\t\t\t\t\t<\/div>\n\t\t<\/div>\n\t\t\t\t\t<\/div>\n\t\t<\/section>\n\t\t\t\t<section class=\"elementor-section elementor-top-section elementor-element elementor-element-1786e6d elementor-section-boxed elementor-section-height-default elementor-section-height-default\" data-id=\"1786e6d\" data-element_type=\"section\">\n\t\t\t\t\t\t<div class=\"elementor-container elementor-column-gap-default\">\n\t\t\t\t\t<div class=\"elementor-column elementor-col-100 elementor-top-column elementor-element elementor-element-a6b46f6\" data-id=\"a6b46f6\" data-element_type=\"column\">\n\t\t\t<div class=\"elementor-widget-wrap elementor-element-populated\">\n\t\t\t\t\t\t<div class=\"elementor-element elementor-element-473073e elementor-widget elementor-widget-heading\" data-id=\"473073e\" data-element_type=\"widget\" data-widget_type=\"heading.default\">\n\t\t\t\t<div class=\"elementor-widget-container\">\n\t\t\t\t\t<h2 class=\"elementor-heading-title elementor-size-default\">4. Kitos nuostatos<\/h2>\t\t\t\t<\/div>\n\t\t\t\t<\/div>\n\t\t\t\t\t<\/div>\n\t\t<\/div>\n\t\t\t\t\t<\/div>\n\t\t<\/section>\n\t\t\t\t<section class=\"elementor-section elementor-top-section elementor-element elementor-element-bad0cf7 elementor-section-boxed elementor-section-height-default elementor-section-height-default\" data-id=\"bad0cf7\" data-element_type=\"section\">\n\t\t\t\t\t\t<div class=\"elementor-container elementor-column-gap-default\">\n\t\t\t\t\t<div class=\"elementor-column elementor-col-100 elementor-top-column elementor-element elementor-element-b4ba290\" data-id=\"b4ba290\" data-element_type=\"column\">\n\t\t\t<div class=\"elementor-widget-wrap elementor-element-populated\">\n\t\t\t\t\t\t<div class=\"elementor-element elementor-element-c2a9cb9 elementor-widget elementor-widget-text-editor\" data-id=\"c2a9cb9\" data-element_type=\"widget\" data-widget_type=\"text-editor.default\">\n\t\t\t\t<div class=\"elementor-widget-container\">\n\t\t\t\t\t\t\t\t\t<p>4.1. Pardav\u0117jas turi teis\u0119 keisti, papildyti \u201ePrivatumo politik\u0105\u201c visi\u0161kai ar i\u0161 dalies. Privatumo politikos papildymai ar pakeitimai \u012fsigalioja nuo j\u0173 paskelbimo dienos.<\/p><p>4.2. I\u0161kilus klausimams kreipkit\u0117s \u0161iais kontaktais: info@wickedtricks.lt<\/p>\t\t\t\t\t\t\t\t<\/div>\n\t\t\t\t<\/div>\n\t\t\t\t\t<\/div>\n\t\t<\/div>\n\t\t\t\t\t<\/div>\n\t\t<\/section>\n\t\t\t\t<\/div>","protected":false},"excerpt":{"rendered":"<p>Privatumo Politika: 1. Pagrindin\u0117s s\u0105vokos 1.1. Pardav\u0117jas ar asmens duomen\u0173 valdytojas &#8211; elektronin\u0117s parduotuv\u0117s valdytojas, veikiantis pagal individuali\u0105 veikl\u0105, kurios pa\u017eym\u0117jimo kodas &#8211; 1093797 1.2. Klientas arba Duomen\u0173 subjektas &#8211; fizinis asmuo \u2013 elektronin\u0117s parduotuv\u0117s klientas, kurio asmens duomenis renka pardav\u0117jas. 1.3. Elektronin\u0117 parduotuv\u0117 \u2013 pardav\u0117jo elektronin\u0117 parduotuv\u0117 adresu http:\/\/wickedtricks.lt 1.4. Paslaugos \u2013 visos pardav\u0117jo [&hellip;]<\/p>","protected":false},"author":1,"featured_media":0,"parent":0,"menu_order":0,"comment_status":"closed","ping_status":"closed","template":"","meta":{"footnotes":""},"class_list":["post-394","page","type-page","status-publish","hentry"],"_links":{"self":[{"href":"https:\/\/wickedtricks.lt\/en\/wp-json\/wp\/v2\/pages\/394","targetHints":{"allow":["GET"]}}],"collection":[{"href":"https:\/\/wickedtricks.lt\/en\/wp-json\/wp\/v2\/pages"}],"about":[{"href":"https:\/\/wickedtricks.lt\/en\/wp-json\/wp\/v2\/types\/page"}],"author":[{"embeddable":true,"href":"https:\/\/wickedtricks.lt\/en\/wp-json\/wp\/v2\/users\/1"}],"replies":[{"embeddable":true,"href":"https:\/\/wickedtricks.lt\/en\/wp-json\/wp\/v2\/comments?post=394"}],"version-history":[{"count":19,"href":"https:\/\/wickedtricks.lt\/en\/wp-json\/wp\/v2\/pages\/394\/revisions"}],"predecessor-version":[{"id":3465,"href":"https:\/\/wickedtricks.lt\/en\/wp-json\/wp\/v2\/pages\/394\/revisions\/3465"}],"wp:attachment":[{"href":"https:\/\/wickedtricks.lt\/en\/wp-json\/wp\/v2\/media?parent=394"}],"curies":[{"name":"wp","href":"https:\/\/api.w.org\/{rel}","templated":true}]}}