{"id":1056,"date":"2021-09-13T20:13:58","date_gmt":"2021-09-13T17:13:58","guid":{"rendered":"http:\/\/wickedtricks.lt\/?page_id=1056"},"modified":"2025-10-21T14:51:50","modified_gmt":"2025-10-21T11:51:50","slug":"elementor-1056","status":"publish","type":"page","link":"https:\/\/wickedtricks.lt\/en\/elementor-1056\/","title":{"rendered":"Shipping"},"content":{"rendered":"<div data-elementor-type=\"wp-page\" data-elementor-id=\"1056\" class=\"elementor elementor-1056\" data-elementor-post-type=\"page\">\n\t\t\t\t\t\t<section class=\"elementor-section elementor-top-section elementor-element elementor-element-ecba099 elementor-section-boxed elementor-section-height-default elementor-section-height-default\" data-id=\"ecba099\" data-element_type=\"section\">\n\t\t\t\t\t\t<div class=\"elementor-container elementor-column-gap-default\">\n\t\t\t\t\t<div class=\"elementor-column elementor-col-100 elementor-top-column elementor-element elementor-element-368240e\" data-id=\"368240e\" data-element_type=\"column\">\n\t\t\t<div class=\"elementor-widget-wrap elementor-element-populated\">\n\t\t\t\t\t\t<div class=\"elementor-element elementor-element-d332a81 elementor-widget elementor-widget-heading\" data-id=\"d332a81\" data-element_type=\"widget\" data-widget_type=\"heading.default\">\n\t\t\t\t<div class=\"elementor-widget-container\">\n\t\t\t\t\t<h2 class=\"elementor-heading-title elementor-size-default\">Preki\u0173 pristatymas:<\/h2>\t\t\t\t<\/div>\n\t\t\t\t<\/div>\n\t\t\t\t\t<\/div>\n\t\t<\/div>\n\t\t\t\t\t<\/div>\n\t\t<\/section>\n\t\t\t\t<section class=\"elementor-section elementor-top-section elementor-element elementor-element-8c66ede elementor-section-boxed elementor-section-height-default elementor-section-height-default\" data-id=\"8c66ede\" data-element_type=\"section\">\n\t\t\t\t\t\t<div class=\"elementor-container elementor-column-gap-default\">\n\t\t\t\t\t<div class=\"elementor-column elementor-col-100 elementor-top-column elementor-element elementor-element-ae111a1\" data-id=\"ae111a1\" data-element_type=\"column\">\n\t\t\t<div class=\"elementor-widget-wrap elementor-element-populated\">\n\t\t\t\t\t\t<div class=\"elementor-element elementor-element-8b2334d elementor-widget elementor-widget-text-editor\" data-id=\"8b2334d\" data-element_type=\"widget\" data-widget_type=\"text-editor.default\">\n\t\t\t\t<div class=\"elementor-widget-container\">\n\t\t\t\t\t\t\t\t\t<p><strong>Preki\u0173 pristatymo b\u016bdai:<\/strong>&nbsp;<\/p>\n<p>Wicked Tricks prek\u0117s pristatomos Lietuvoje \u017eemiau pateiktais b\u016bdais:&nbsp;<\/p>\n<p>&#8211; Omniva pa\u0161tomatais &#8211; 3 EUR<\/p>\n<p>&#8211; Omniva kurjerio paslaugomis &#8211; 5 EUR<\/p>\n<p>&#8211; LP express pa\u0161tomatais &#8211; 3 EUR<\/p>\n<p>Esant poreikiui prekes pristatyti \u012f u\u017esienio valstybes, pra\u0161ome susisiekti elektroniniu pa\u0161tu &#8211; info@wickedtricks.lt, arba u\u017epild\u0119 puslapyje esan\u010di\u0105 kontaktin\u0119 form\u0105.<\/p>\n<p><strong><br><\/strong><\/p><p><strong>Pristatymo laikas:<\/strong><\/p>\n<p>Prek\u0117s i\u0161siun\u010diamos per 2-4 darbo dienas, pristatymas priklauso nuo ve\u017e\u0117j\u0173 u\u017eimtumo.&nbsp;<span style=\"color: var( --e-global-color-text ); font-family: var( --e-global-typography-text-font-family ), Raleway; font-weight: var( --e-global-typography-text-font-weight ); font-size: 1rem;\">Stengsim\u0117s, jog prek\u0117s pasiekt\u0173 jus kuo skubiau, ta\u010diau rank\u0173 kiekis ribotas, o kiekvienai siuntai norisi \u012fd\u0117ti tiek pat meil\u0117s, tod\u0117l tikim\u0117s j\u016bs\u0173 supratingumo.<\/span><\/p>\t\t\t\t\t\t\t\t<\/div>\n\t\t\t\t<\/div>\n\t\t\t\t\t<\/div>\n\t\t<\/div>\n\t\t\t\t\t<\/div>\n\t\t<\/section>\n\t\t\t\t<\/div>","protected":false},"excerpt":{"rendered":"<p>Preki\u0173 pristatymas: Preki\u0173 pristatymo b\u016bdai:&nbsp; Wicked Tricks prek\u0117s pristatomos Lietuvoje \u017eemiau pateiktais b\u016bdais:&nbsp; &#8211; Omniva pa\u0161tomatais &#8211; 3 EUR &#8211; Omniva kurjerio paslaugomis &#8211; 5 EUR &#8211; LP express pa\u0161tomatais &#8211; 3 EUR Esant poreikiui prekes pristatyti \u012f u\u017esienio valstybes, pra\u0161ome susisiekti elektroniniu pa\u0161tu &#8211; info@wickedtricks.lt, arba u\u017epild\u0119 puslapyje esan\u010di\u0105 kontaktin\u0119 form\u0105. Pristatymo laikas: Prek\u0117s [&hellip;]<\/p>","protected":false},"author":1,"featured_media":0,"parent":0,"menu_order":0,"comment_status":"closed","ping_status":"closed","template":"","meta":{"footnotes":""},"class_list":["post-1056","page","type-page","status-publish","hentry"],"_links":{"self":[{"href":"https:\/\/wickedtricks.lt\/en\/wp-json\/wp\/v2\/pages\/1056","targetHints":{"allow":["GET"]}}],"collection":[{"href":"https:\/\/wickedtricks.lt\/en\/wp-json\/wp\/v2\/pages"}],"about":[{"href":"https:\/\/wickedtricks.lt\/en\/wp-json\/wp\/v2\/types\/page"}],"author":[{"embeddable":true,"href":"https:\/\/wickedtricks.lt\/en\/wp-json\/wp\/v2\/users\/1"}],"replies":[{"embeddable":true,"href":"https:\/\/wickedtricks.lt\/en\/wp-json\/wp\/v2\/comments?post=1056"}],"version-history":[{"count":23,"href":"https:\/\/wickedtricks.lt\/en\/wp-json\/wp\/v2\/pages\/1056\/revisions"}],"predecessor-version":[{"id":3461,"href":"https:\/\/wickedtricks.lt\/en\/wp-json\/wp\/v2\/pages\/1056\/revisions\/3461"}],"wp:attachment":[{"href":"https:\/\/wickedtricks.lt\/en\/wp-json\/wp\/v2\/media?parent=1056"}],"curies":[{"name":"wp","href":"https:\/\/api.w.org\/{rel}","templated":true}]}}